{"id":1119,"date":"2017-01-22T23:00:59","date_gmt":"2017-01-22T21:00:59","guid":{"rendered":"https:\/\/www.susanne-lampe.de\/?page_id=1119"},"modified":"2024-10-11T11:29:26","modified_gmt":"2024-10-11T09:29:26","slug":"einzelsitzung","status":"publish","type":"page","link":"https:\/\/www.susanne-lampe.de\/w\/einzelsitzung\/","title":{"rendered":"Einzelsitzung"},"content":{"rendered":"<p>&#8222;Tue dir Gutes. Der wichtigste Mensch in deinem Leben bist du!<\/p>\n<p>Warum geschieht mir das? Wieso kann ich nicht anders? Unser eigenes Leben ist unser Meisterst\u00fcck, an dem wir jeden Tag ein bisschen arbeiten, um es zu versch\u00f6nern. Daf\u00fcr ben\u00f6tigen wir Zeit, liebevolle Zuwendung und Verst\u00e4ndnis f\u00fcr uns selbst sowie f\u00fcr das, was in unserem Leben geschieht. Zeit f\u00fcr sich zu nehmen und Unterst\u00fctzung zu suchen, ist die wichtigste und nachhaltigste Investition und das gr\u00f6\u00dfte Geschenk in unserem Leben!<\/p>\n<p><a href=\"https:\/\/www.susanne-lampe.de\/w\/wp-content\/uploads\/2024\/06\/240609_IMG_9099_V1-1-1-scaled.jpg\"><img loading=\"lazy\" decoding=\"async\" class=\"alignleft wp-image-3644 size-medium\" src=\"https:\/\/www.susanne-lampe.de\/w\/wp-content\/uploads\/2024\/06\/240609_IMG_9099_V1-1-1-300x201.jpg\" alt=\"\" width=\"300\" height=\"201\" srcset=\"https:\/\/www.susanne-lampe.de\/w\/wp-content\/uploads\/2024\/06\/240609_IMG_9099_V1-1-1-300x201.jpg 300w, https:\/\/www.susanne-lampe.de\/w\/wp-content\/uploads\/2024\/06\/240609_IMG_9099_V1-1-1-1024x687.jpg 1024w, https:\/\/www.susanne-lampe.de\/w\/wp-content\/uploads\/2024\/06\/240609_IMG_9099_V1-1-1-768x515.jpg 768w, https:\/\/www.susanne-lampe.de\/w\/wp-content\/uploads\/2024\/06\/240609_IMG_9099_V1-1-1-1536x1031.jpg 1536w, https:\/\/www.susanne-lampe.de\/w\/wp-content\/uploads\/2024\/06\/240609_IMG_9099_V1-1-1-2048x1375.jpg 2048w\" sizes=\"auto, (max-width: 300px) 100vw, 300px\" \/><\/a>Seit fast zwei Jahrzehnten begleite ich Menschen in ihrer Entwicklung.<\/p>\n<p>Jeder Mensch hat seinen eigenen Weg und ben\u00f6tigt einen individuellen Zugang zu seinen Themen. Meine Aufgabe besteht darin, zu erkennen, gezielte Fragen zu stellen und den Fokus sowie den Raum in einf\u00fchlsamer und mitf\u00fchlender Annahme zu halten. Klarheit zu entwickeln, um Probleme aktiv anzugehen. Gemeinsam individuelle, pers\u00f6nliche Ressourcen zu gestalten, die sich im Alltag gut integrieren lassen, um mehr Vitalit\u00e4t und tiefere Verbundenheit mit sich selbst zu erschaffen.<\/p>\n<p>Dar\u00fcber hinaus arbeite ich mit Musik, Gesang und meditativen Zust\u00e4nden, einschlie\u00dflich K\u00f6rperwahrnehmungen, sowie mit hohen positiven Frequenzfeldern. Diese erm\u00f6glichen es dem Herzen, Geist und K\u00f6rper, zur Ruhe zu kommen, um tiefere Ebenen zu erreichen und positive Ver\u00e4nderungen auf unbewusster Ebene herbeizuf\u00fchren. Die allermeisten Menschen sch\u00e4tzen dies und erkennen, wie gut es ihnen tut und wie gro\u00df die Ver\u00e4nderungen danach sein k\u00f6nnen.<\/p>\n<ul>\n<li aria-level=\"1\">\u00c4ngste, Trauer, Wut und andere negative Emotionen aufzul\u00f6sen,<\/li>\n<li aria-level=\"1\">Selbstheilung des inneren Kindes und alte Glaubenss\u00e4tze loszulassen,<\/li>\n<li aria-level=\"1\">dir und anderen zu vergeben und wertvolle Energie zur\u00fcckzugewinnen,<\/li>\n<li aria-level=\"1\">dich selbst anzunehmen,<\/li>\n<li aria-level=\"1\">Beziehungen zu transformieren,<\/li>\n<li aria-level=\"1\">der Stimme deines Herzens zu vertrauen, um deine Tr\u00e4ume in dein Leben zu ziehen.<\/li>\n<li aria-level=\"1\">Auf Wunsch: Einbeziehen von positiven hohen Schwingungsfeldern,<\/li>\n<li aria-level=\"1\">zur\u00fcck verbinden an unser wahres Selbst &#8211; Seele &#8211; Spirit, unserem spirituellen Herzen und positiven, nat\u00fcrlichen, koh\u00e4renten Selbstheilungsfeld<\/li>\n<\/ul>\n<p>Eine meiner Spezialisierungen liegt darin, den Fokus auf die Seele zu lenken, die tief mit unserem Herzen verbunden ist. Dieser Ausdruck stammt aus der TCM-Lehre und wird dort als Shen bezeichnet. Wissenschaftlich betrachtet spricht man von einem Quantenfeld und den darin enthaltenen Botschaften. Das Erkennen dieses, in uns existierenden Schwingungsfeldes, das positiv oder negativ sein kann, haben mir geholfen, tiefgr\u00fcndigere Zusammenh\u00e4nge des menschlichen Seins und Lebens zu erkennen und zu erfahren. Seit vielen Jahren folge ich bewusst den Methoden des Soul-Healings, der Seele &#8211; Geist &#8211; K\u00f6rper &#8211; Medizin, die besagen, dass die Seele- mit ihrem Informationsfeld, die lenkende Kraft in uns ist.<\/p>\n<p>Bei Bedarf kann ich auch durch tiefere spirituelle Herangehensweisen Unterst\u00fctzung anbieten.<\/p>\n<p>Weiter<a href=\"https:\/\/www.susanne-lampe.de\/w\/wp-content\/uploads\/2021\/04\/wei\u00df-2.jpg\"><img loading=\"lazy\" decoding=\"async\" class=\"alignleft wp-image-2893 size-medium\" src=\"https:\/\/www.susanne-lampe.de\/w\/wp-content\/uploads\/2021\/04\/wei\u00df-2-300x105.jpg\" alt=\"\" width=\"300\" height=\"105\" srcset=\"https:\/\/www.susanne-lampe.de\/w\/wp-content\/uploads\/2021\/04\/wei\u00df-2-300x105.jpg 300w, https:\/\/www.susanne-lampe.de\/w\/wp-content\/uploads\/2021\/04\/wei\u00df-2-768x268.jpg 768w, https:\/\/www.susanne-lampe.de\/w\/wp-content\/uploads\/2021\/04\/wei\u00df-2.jpg 771w\" sizes=\"auto, (max-width: 300px) 100vw, 300px\" \/><\/a>e Ressourcen: Gerne erarbeiten wir, wenn gew\u00fcnscht, ein pers\u00f6nliches \u00dcbungsprogramm mit praktischen \u00dcbungen aus der TCM, Verhaltenstherapie, K\u00f6rperarbeit und mehr, dass auf Sie und Ihr Anliegen individuell abgestimmt ist. Au\u00dferdem besteht die M\u00f6glichkeit, unterst\u00fctzende Licht\u00fcbertragungen und sogenannte Soul Readings zu erhalten.<\/p>\n<p>&nbsp;<\/p>\n<p>&nbsp;<\/p>\n<div class=\"entry-content\">\n<p><strong>Freie Einzelsitzung zum Kennenlernen und Erleben!<br \/>\n<\/strong>Erfahren Sie ein einst\u00fcndiges kostenfreies Kennlerngespr\u00e4ch!<\/p>\n<\/div>\n<p><strong>Tiefergehende Begleitung<\/strong><\/p>\n<ul style=\"list-style-type: disc;\">\n<li>\u00a0Einzelbegleitung, 1,5\u00a0 Stunden, 135 Euro<\/li>\n<li>3er Paket Einzelbegleitung, 3&#215;1,5 Stunden, 285 Euro (1,5 Stunden f\u00fcr 95 Euro)<\/li>\n<\/ul>\n<p>Die Einzelsitzung ist pers\u00f6nlich oder \u00fcber Telefon\/Skype\/Zoom m\u00f6glich.<\/p>\n<p>Leiterin des Gesundheitszentrum Leonhardstra\u00dfe, Gruppen, Workshops, Vortr\u00e4ge und Seminare. Zertifizierter Coach (ICF), zertifizierte <em>Lehrerin der Tao Academy\u2122, <\/em>Gespr\u00e4chstherapie, Meditationslehrerin, Energietherapeutin<em>, TCM Lehre, 5 Elemente Lehre, Klopftechniken, Atemtechniken, Tao Kalligrafie Tai Chi,<\/em> Tao Song and Tao Dancer, Soul Communicator.<\/p>\n<p>Wenn Sie Fragen haben, melde Sie sich gerne bei mir.<\/p>\n<p>Susanne Lampe<br \/>\n0531 &#8211; 70 189 740<br \/>\nsoulhealing(at)susanne-lampe.de<\/p>\n<p>&nbsp;<\/p>\n<div style=\"font-size: 0.5em;\">Rechtlicher Hinweis<br \/>\nDie Anwendung der Verfahren ersetzt keine \u00e4rztliche und\/oder psychologische Diagnose, Beratung oder Therapie. Sie dienen als Erg\u00e4nzung und k\u00f6nnen die F\u00e4higkeiten zur Selbstentwicklung und Selbstgesundung steigern.<\/div>\n","protected":false},"excerpt":{"rendered":"<p>&#8222;Tue dir Gutes. Der wichtigste Mensch in deinem Leben bist du! Warum geschieht mir das? Wieso kann ich nicht anders? Unser eigenes Leben ist unser Meisterst\u00fcck, an dem wir jeden <a class=\"more-link\" href=\"https:\/\/www.susanne-lampe.de\/w\/einzelsitzung\/\">&#8230;.. weiterlesen \u2192<\/a><\/p>\n","protected":false},"author":2,"featured_media":0,"parent":0,"menu_order":2,"comment_status":"open","ping_status":"closed","template":"","meta":{"footnotes":""},"class_list":["post-1119","page","type-page","status-publish","hentry"],"_links":{"self":[{"href":"https:\/\/www.susanne-lampe.de\/w\/wp-json\/wp\/v2\/pages\/1119","targetHints":{"allow":["GET"]}}],"collection":[{"href":"https:\/\/www.susanne-lampe.de\/w\/wp-json\/wp\/v2\/pages"}],"about":[{"href":"https:\/\/www.susanne-lampe.de\/w\/wp-json\/wp\/v2\/types\/page"}],"author":[{"embeddable":true,"href":"https:\/\/www.susanne-lampe.de\/w\/wp-json\/wp\/v2\/users\/2"}],"replies":[{"embeddable":true,"href":"https:\/\/www.susanne-lampe.de\/w\/wp-json\/wp\/v2\/comments?post=1119"}],"version-history":[{"count":485,"href":"https:\/\/www.susanne-lampe.de\/w\/wp-json\/wp\/v2\/pages\/1119\/revisions"}],"predecessor-version":[{"id":3754,"href":"https:\/\/www.susanne-lampe.de\/w\/wp-json\/wp\/v2\/pages\/1119\/revisions\/3754"}],"wp:attachment":[{"href":"https:\/\/www.susanne-lampe.de\/w\/wp-json\/wp\/v2\/media?parent=1119"}],"curies":[{"name":"wp","href":"https:\/\/api.w.org\/{rel}","templated":true}]}}